{"id":10,"date":"2015-11-26T17:23:47","date_gmt":"2015-11-26T16:23:47","guid":{"rendered":"http:\/\/lusanger-ndbg.fr\/?page_id=10"},"modified":"2016-01-28T14:55:51","modified_gmt":"2016-01-28T13:55:51","slug":"ou-sommes-nous","status":"publish","type":"page","link":"http:\/\/lusanger-ndbg.fr\/?page_id=10","title":{"rendered":"O\u00f9 sommes-nous ?"},"content":{"rendered":"<p style=\"text-align: center;\">Notre adresse : <span style=\"color: #800080;\"><strong>5 rue de la gare, 44590 Lusanger<\/strong><\/span><\/p>\n<p style=\"text-align: center;\">Notre num\u00e9ro de t\u00e9l\u00e9phone : <strong><span style=\"color: #800080;\">0240 07 88 50<\/span><\/strong><\/p>\n<p><iframe loading=\"lazy\" style=\"border: 0;\" src=\"https:\/\/www.google.com\/maps\/embed?pb=!1m18!1m12!1m3!1d2686.257431766993!2d-1.5893743847903081!3d47.67942029093854!2m3!1f0!2f0!3f0!3m2!1i1024!2i768!4f13.1!3m3!1m2!1s0x480f415367b88f73%3A0xc908d2f8765ae197!2s5+Rue+de+la+Gare%2C+44590+Lusanger!5e0!3m2!1sfr!2sfr!4v1448554952843\" width=\"600\" height=\"450\" frameborder=\"0\" allowfullscreen=\"allowfullscreen\"><\/iframe><\/p>\n","protected":false},"excerpt":{"rendered":"<p>Notre adresse : 5 rue de la gare, 44590 Lusanger Notre num\u00e9ro de t\u00e9l\u00e9phone : 0240 07 88 50<\/p>\n","protected":false},"author":3,"featured_media":0,"parent":0,"menu_order":0,"comment_status":"closed","ping_status":"closed","template":"","meta":{"ngg_post_thumbnail":0,"footnotes":""},"class_list":["post-10","page","type-page","status-publish","hentry"],"_links":{"self":[{"href":"http:\/\/lusanger-ndbg.fr\/index.php?rest_route=\/wp\/v2\/pages\/10","targetHints":{"allow":["GET"]}}],"collection":[{"href":"http:\/\/lusanger-ndbg.fr\/index.php?rest_route=\/wp\/v2\/pages"}],"about":[{"href":"http:\/\/lusanger-ndbg.fr\/index.php?rest_route=\/wp\/v2\/types\/page"}],"author":[{"embeddable":true,"href":"http:\/\/lusanger-ndbg.fr\/index.php?rest_route=\/wp\/v2\/users\/3"}],"replies":[{"embeddable":true,"href":"http:\/\/lusanger-ndbg.fr\/index.php?rest_route=%2Fwp%2Fv2%2Fcomments&post=10"}],"version-history":[{"count":0,"href":"http:\/\/lusanger-ndbg.fr\/index.php?rest_route=\/wp\/v2\/pages\/10\/revisions"}],"wp:attachment":[{"href":"http:\/\/lusanger-ndbg.fr\/index.php?rest_route=%2Fwp%2Fv2%2Fmedia&parent=10"}],"curies":[{"name":"wp","href":"https:\/\/api.w.org\/{rel}","templated":true}]}}