{"id":135,"date":"2016-01-28T12:39:31","date_gmt":"2016-01-28T11:39:31","guid":{"rendered":"http:\/\/lusanger-ndbg.fr\/?page_id=135"},"modified":"2024-03-06T10:58:20","modified_gmt":"2024-03-06T09:58:20","slug":"natation","status":"publish","type":"page","link":"http:\/\/lusanger-ndbg.fr\/?page_id=135","title":{"rendered":"Natation"},"content":{"rendered":"<h2 style=\"text-align: center;\"><span style=\"color: #800080;\">Pour la plus grande joie des enfants, les \u00e9l\u00e8ves de GS, CP, CE1, CE2, CM1 et CM2 se rendent \u00e0 la piscine de DERVAL tous les ans !<\/span><\/h2>\n<p style=\"text-align: center;\" align=\"justify\">Tous les ans, nous avons besoins d&#8217;accompagnateurs (dans l&#8217;eau et hors de l&#8217;eau).<\/p>\n<p style=\"text-align: center;\" align=\"justify\">Nous remercions les personnes qui se rendent disponibles. Sans elles, les s\u00e9ances ne pourraient pas \u00eatre organis\u00e9es.<\/p>\n<p style=\"text-align: center;\" align=\"justify\">Pensez \u00e0 suivre les informations relay\u00e9es dans les cahiers de liaison &amp; \u00e0 respecter la charte.<\/p>\n<p style=\"text-align: right;\" align=\"justify\">Vous remerciant, l&#8217;\u00e9quipe.<\/p>\n<p style=\"text-align: right;\" align=\"justify\">&nbsp;<\/p>\n","protected":false},"excerpt":{"rendered":"<p>Pour la plus grande joie des enfants, les \u00e9l\u00e8ves de GS, CP, CE1, CE2, CM1 et CM2 se rendent \u00e0 la piscine de DERVAL tous les ans ! Tous les ans, nous avons besoins d&#8217;accompagnateurs (dans l&#8217;eau et hors de l&#8217;eau). Nous remercions les personnes qui se rendent disponibles. Sans elles, les s\u00e9ances ne pourraient<\/p>\n<p><a href=\"http:\/\/lusanger-ndbg.fr\/?page_id=135\" class=\"more-link themebutton\">Lire la suite<\/a><\/p>\n","protected":false},"author":3,"featured_media":0,"parent":0,"menu_order":0,"comment_status":"closed","ping_status":"closed","template":"","meta":{"ngg_post_thumbnail":0,"footnotes":""},"class_list":["post-135","page","type-page","status-publish","hentry"],"_links":{"self":[{"href":"http:\/\/lusanger-ndbg.fr\/index.php?rest_route=\/wp\/v2\/pages\/135","targetHints":{"allow":["GET"]}}],"collection":[{"href":"http:\/\/lusanger-ndbg.fr\/index.php?rest_route=\/wp\/v2\/pages"}],"about":[{"href":"http:\/\/lusanger-ndbg.fr\/index.php?rest_route=\/wp\/v2\/types\/page"}],"author":[{"embeddable":true,"href":"http:\/\/lusanger-ndbg.fr\/index.php?rest_route=\/wp\/v2\/users\/3"}],"replies":[{"embeddable":true,"href":"http:\/\/lusanger-ndbg.fr\/index.php?rest_route=%2Fwp%2Fv2%2Fcomments&post=135"}],"version-history":[{"count":3,"href":"http:\/\/lusanger-ndbg.fr\/index.php?rest_route=\/wp\/v2\/pages\/135\/revisions"}],"predecessor-version":[{"id":6380,"href":"http:\/\/lusanger-ndbg.fr\/index.php?rest_route=\/wp\/v2\/pages\/135\/revisions\/6380"}],"wp:attachment":[{"href":"http:\/\/lusanger-ndbg.fr\/index.php?rest_route=%2Fwp%2Fv2%2Fmedia&parent=135"}],"curies":[{"name":"wp","href":"https:\/\/api.w.org\/{rel}","templated":true}]}}