{"id":146,"date":"2016-01-28T12:48:20","date_gmt":"2016-01-28T11:48:20","guid":{"rendered":"http:\/\/lusanger-ndbg.fr\/?page_id=146"},"modified":"2020-07-24T13:17:19","modified_gmt":"2020-07-24T11:17:19","slug":"culture-chretienne","status":"publish","type":"page","link":"http:\/\/lusanger-ndbg.fr\/?page_id=146","title":{"rendered":"Culture chr\u00e9tienne"},"content":{"rendered":"<p style=\"text-align: center;\"><span style=\"color: #993300;\"><strong>La culture chr\u00e9tienne concerne les \u00e9l\u00e8ves de CE&amp;CM. Les s\u00e9ances sont anim\u00e9es par Marie.<\/strong><\/span><\/p>\n<p style=\"text-align: center;\">Elles ont pour but de <strong>comprendre<\/strong> notre histoire, la civilisation de notre pays et notre calendrier<\/p>\n<p style=\"text-align: center;\">(art, litt\u00e9rature, symboles, jours de f\u00eate, etc).<\/p>\n<p style=\"text-align: center;\">Cet enseignement culturel n\u2019engage <strong>aucune d\u00e9marche de foi<\/strong>. Il peut donc convenir \u00e0 tous.<\/p>\n<p style=\"text-align: center;\">&nbsp;<\/p>\n","protected":false},"excerpt":{"rendered":"<p>La culture chr\u00e9tienne concerne les \u00e9l\u00e8ves de CE&amp;CM. Les s\u00e9ances sont anim\u00e9es par Marie. Elles ont pour but de comprendre notre histoire, la civilisation de notre pays et notre calendrier (art, litt\u00e9rature, symboles, jours de f\u00eate, etc). Cet enseignement culturel n\u2019engage aucune d\u00e9marche de foi. Il peut donc convenir \u00e0 tous. &nbsp;<\/p>\n","protected":false},"author":3,"featured_media":0,"parent":0,"menu_order":0,"comment_status":"closed","ping_status":"closed","template":"","meta":{"ngg_post_thumbnail":0,"footnotes":""},"class_list":["post-146","page","type-page","status-publish","hentry"],"_links":{"self":[{"href":"http:\/\/lusanger-ndbg.fr\/index.php?rest_route=\/wp\/v2\/pages\/146","targetHints":{"allow":["GET"]}}],"collection":[{"href":"http:\/\/lusanger-ndbg.fr\/index.php?rest_route=\/wp\/v2\/pages"}],"about":[{"href":"http:\/\/lusanger-ndbg.fr\/index.php?rest_route=\/wp\/v2\/types\/page"}],"author":[{"embeddable":true,"href":"http:\/\/lusanger-ndbg.fr\/index.php?rest_route=\/wp\/v2\/users\/3"}],"replies":[{"embeddable":true,"href":"http:\/\/lusanger-ndbg.fr\/index.php?rest_route=%2Fwp%2Fv2%2Fcomments&post=146"}],"version-history":[{"count":1,"href":"http:\/\/lusanger-ndbg.fr\/index.php?rest_route=\/wp\/v2\/pages\/146\/revisions"}],"predecessor-version":[{"id":4550,"href":"http:\/\/lusanger-ndbg.fr\/index.php?rest_route=\/wp\/v2\/pages\/146\/revisions\/4550"}],"wp:attachment":[{"href":"http:\/\/lusanger-ndbg.fr\/index.php?rest_route=%2Fwp%2Fv2%2Fmedia&parent=146"}],"curies":[{"name":"wp","href":"https:\/\/api.w.org\/{rel}","templated":true}]}}