{"id":182,"date":"2016-01-28T16:31:21","date_gmt":"2016-01-28T15:31:21","guid":{"rendered":"http:\/\/lusanger-ndbg.fr\/?page_id=182"},"modified":"2025-03-07T23:41:18","modified_gmt":"2025-03-07T22:41:18","slug":"projet-educatif","status":"publish","type":"page","link":"http:\/\/lusanger-ndbg.fr\/?page_id=182","title":{"rendered":"projet \u00e9ducatif"},"content":{"rendered":"<p>La lecture du projet \u00e9ducatif, disponible ci-apr\u00e8s, vous permettra de vous rendre compte de l&#8217;\u00e9tat d&#8217;esprit de notre \u00e9cole, des valeurs que nous d\u00e9fendons et de l&#8217;environnement dans lequel votre (vos) enfant(s) est (sont) accueilli(s). <em>Bonne lecture !<\/em><\/p>\n<p style=\"text-align: right;\">L&#8217;\u00e9quipe.<\/p>\n<p>PS : pensez \u00e0 ACTUALISER LA PAGE si le document pdf ne s&#8217;affiche pas. MERCI<\/p>\n<p style=\"text-align: left;\"><iframe src=\"\/\/docs.google.com\/viewer?url=http%3A%2F%2Flusanger-ndbg.fr%2Fwp-content%2Fuploads%2F2025%2F03%2FPROJET-EDUCATIF-Lusanger25.pdf&hl=fr&embedded=true\" class=\"gde-frame\" style=\"width:100%; height:500px; border: none;\" scrolling=\"no\"><\/iframe>\n<p class=\"gde-text\"><a href=\"http:\/\/lusanger-ndbg.fr\/wp-content\/uploads\/2025\/03\/PROJET-EDUCATIF-Lusanger25.pdf\" class=\"gde-link\">T\u00e9l\u00e9charger (PDF, 468KB)<\/a><\/p><\/p>\n","protected":false},"excerpt":{"rendered":"<p>La lecture du projet \u00e9ducatif, disponible ci-apr\u00e8s, vous permettra de vous rendre compte de l&#8217;\u00e9tat d&#8217;esprit de notre \u00e9cole, des valeurs que nous d\u00e9fendons et de l&#8217;environnement dans lequel votre (vos) enfant(s) est (sont) accueilli(s). Bonne lecture ! L&#8217;\u00e9quipe. PS : pensez \u00e0 ACTUALISER LA PAGE si le document pdf ne s&#8217;affiche pas. MERCI<\/p>\n","protected":false},"author":3,"featured_media":0,"parent":0,"menu_order":0,"comment_status":"closed","ping_status":"closed","template":"","meta":{"ngg_post_thumbnail":0,"footnotes":""},"class_list":["post-182","page","type-page","status-publish","hentry"],"_links":{"self":[{"href":"http:\/\/lusanger-ndbg.fr\/index.php?rest_route=\/wp\/v2\/pages\/182","targetHints":{"allow":["GET"]}}],"collection":[{"href":"http:\/\/lusanger-ndbg.fr\/index.php?rest_route=\/wp\/v2\/pages"}],"about":[{"href":"http:\/\/lusanger-ndbg.fr\/index.php?rest_route=\/wp\/v2\/types\/page"}],"author":[{"embeddable":true,"href":"http:\/\/lusanger-ndbg.fr\/index.php?rest_route=\/wp\/v2\/users\/3"}],"replies":[{"embeddable":true,"href":"http:\/\/lusanger-ndbg.fr\/index.php?rest_route=%2Fwp%2Fv2%2Fcomments&post=182"}],"version-history":[{"count":6,"href":"http:\/\/lusanger-ndbg.fr\/index.php?rest_route=\/wp\/v2\/pages\/182\/revisions"}],"predecessor-version":[{"id":11124,"href":"http:\/\/lusanger-ndbg.fr\/index.php?rest_route=\/wp\/v2\/pages\/182\/revisions\/11124"}],"wp:attachment":[{"href":"http:\/\/lusanger-ndbg.fr\/index.php?rest_route=%2Fwp%2Fv2%2Fmedia&parent=182"}],"curies":[{"name":"wp","href":"https:\/\/api.w.org\/{rel}","templated":true}]}}