{"id":186,"date":"2016-01-28T16:47:24","date_gmt":"2016-01-28T15:47:24","guid":{"rendered":"http:\/\/lusanger-ndbg.fr\/?page_id=186"},"modified":"2025-03-07T23:50:20","modified_gmt":"2025-03-07T22:50:20","slug":"projet-pedagogique","status":"publish","type":"page","link":"http:\/\/lusanger-ndbg.fr\/?page_id=186","title":{"rendered":"projet p\u00e9dagogique"},"content":{"rendered":"<p>Veuillez trouver \u00e0 la suite le projet p\u00e9dagogique triennal. Nous esp\u00e9rons qu&#8217;il suscitera votre attention. Le contenu est en cours de r\u00e9daction et actualis\u00e9 r\u00e9guli\u00e8rement.<\/p>\n<p>Merci pour votre confiance<\/p>\n<p style=\"text-align: left;\">PS : pensez \u00e0 ACTUALISER LA PAGE si le document pdf ne s&#8217;affiche pas. MERCI<\/p>\n<iframe src=\"\/\/docs.google.com\/viewer?url=http%3A%2F%2Flusanger-ndbg.fr%2Fwp-content%2Fuploads%2F2025%2F03%2Fprojet-triennal-2024-2027-SITE-ECOLE.pdf&hl=fr&embedded=true\" class=\"gde-frame\" style=\"width:100%; height:500px; border: none;\" scrolling=\"no\"><\/iframe>\n<p class=\"gde-text\"><a href=\"http:\/\/lusanger-ndbg.fr\/wp-content\/uploads\/2025\/03\/projet-triennal-2024-2027-SITE-ECOLE.pdf\" class=\"gde-link\">T\u00e9l\u00e9charger (PDF, 269KB)<\/a><\/p>\n","protected":false},"excerpt":{"rendered":"<p>Veuillez trouver \u00e0 la suite le projet p\u00e9dagogique triennal. Nous esp\u00e9rons qu&#8217;il suscitera votre attention. Le contenu est en cours de r\u00e9daction et actualis\u00e9 r\u00e9guli\u00e8rement. Merci pour votre confiance PS : pensez \u00e0 ACTUALISER LA PAGE si le document pdf ne s&#8217;affiche pas. MERCI<\/p>\n","protected":false},"author":3,"featured_media":0,"parent":0,"menu_order":0,"comment_status":"closed","ping_status":"closed","template":"","meta":{"ngg_post_thumbnail":0,"footnotes":""},"class_list":["post-186","page","type-page","status-publish","hentry"],"_links":{"self":[{"href":"http:\/\/lusanger-ndbg.fr\/index.php?rest_route=\/wp\/v2\/pages\/186","targetHints":{"allow":["GET"]}}],"collection":[{"href":"http:\/\/lusanger-ndbg.fr\/index.php?rest_route=\/wp\/v2\/pages"}],"about":[{"href":"http:\/\/lusanger-ndbg.fr\/index.php?rest_route=\/wp\/v2\/types\/page"}],"author":[{"embeddable":true,"href":"http:\/\/lusanger-ndbg.fr\/index.php?rest_route=\/wp\/v2\/users\/3"}],"replies":[{"embeddable":true,"href":"http:\/\/lusanger-ndbg.fr\/index.php?rest_route=%2Fwp%2Fv2%2Fcomments&post=186"}],"version-history":[{"count":5,"href":"http:\/\/lusanger-ndbg.fr\/index.php?rest_route=\/wp\/v2\/pages\/186\/revisions"}],"predecessor-version":[{"id":11126,"href":"http:\/\/lusanger-ndbg.fr\/index.php?rest_route=\/wp\/v2\/pages\/186\/revisions\/11126"}],"wp:attachment":[{"href":"http:\/\/lusanger-ndbg.fr\/index.php?rest_route=%2Fwp%2Fv2%2Fmedia&parent=186"}],"curies":[{"name":"wp","href":"https:\/\/api.w.org\/{rel}","templated":true}]}}