{"id":264,"date":"2016-02-05T09:40:28","date_gmt":"2016-02-05T08:40:28","guid":{"rendered":"http:\/\/lusanger-ndbg.fr\/?page_id=264"},"modified":"2024-03-06T10:41:05","modified_gmt":"2024-03-06T09:41:05","slug":"entre-etablissements","status":"publish","type":"page","link":"http:\/\/lusanger-ndbg.fr\/?page_id=264","title":{"rendered":"Entre \u00e9tablissements"},"content":{"rendered":"<p>Les \u00e9tablissements de la CLE (Communaut\u00e9 locale d&#8217;\u00e9tablissements)<\/p>\n<ul>\n<li>coll\u00e8ge St Joseph de Derval<\/li>\n<li>\u00e9cole Sainte Marie de Derval<\/li>\n<li>\u00e9cole Saint Joseph de Sion-les-mines<\/li>\n<li>\u00e9cole Notre Dame De Bonne Garde de Lusanger<\/li>\n<\/ul>\n<p>&nbsp;<\/p>\n<p>Les activit\u00e9s habituellement v\u00e9cues ensemble sont les suivantes :<\/p>\n<ul>\n<li>le cross du coll\u00e8ge<\/li>\n<li>un projet solidaire<\/li>\n<li>des rencontres sportives<\/li>\n<\/ul>\n<p>&nbsp;<\/p>\n<p>DES ECHANGES ENTRE PROFESSEURS<\/p>\n<p>=&gt; travail commun autour de la transition CM2\/6e<\/p>\n<p>DES REUNIONS ENTRE DIRECTEURS POUR ACOMPAGNER ENSEMBLE LES ELEVES DE LA CLE<\/p>\n","protected":false},"excerpt":{"rendered":"<p>Les \u00e9tablissements de la CLE (Communaut\u00e9 locale d&#8217;\u00e9tablissements) coll\u00e8ge St Joseph de Derval \u00e9cole Sainte Marie de Derval \u00e9cole Saint Joseph de Sion-les-mines \u00e9cole Notre Dame De Bonne Garde de Lusanger &nbsp; Les activit\u00e9s habituellement v\u00e9cues ensemble sont les suivantes : le cross du coll\u00e8ge un projet solidaire des rencontres sportives &nbsp; DES ECHANGES ENTRE<\/p>\n<p><a href=\"http:\/\/lusanger-ndbg.fr\/?page_id=264\" class=\"more-link themebutton\">Lire la suite<\/a><\/p>\n","protected":false},"author":3,"featured_media":0,"parent":0,"menu_order":0,"comment_status":"closed","ping_status":"closed","template":"","meta":{"ngg_post_thumbnail":0,"footnotes":""},"class_list":["post-264","page","type-page","status-publish","hentry"],"_links":{"self":[{"href":"http:\/\/lusanger-ndbg.fr\/index.php?rest_route=\/wp\/v2\/pages\/264","targetHints":{"allow":["GET"]}}],"collection":[{"href":"http:\/\/lusanger-ndbg.fr\/index.php?rest_route=\/wp\/v2\/pages"}],"about":[{"href":"http:\/\/lusanger-ndbg.fr\/index.php?rest_route=\/wp\/v2\/types\/page"}],"author":[{"embeddable":true,"href":"http:\/\/lusanger-ndbg.fr\/index.php?rest_route=\/wp\/v2\/users\/3"}],"replies":[{"embeddable":true,"href":"http:\/\/lusanger-ndbg.fr\/index.php?rest_route=%2Fwp%2Fv2%2Fcomments&post=264"}],"version-history":[{"count":3,"href":"http:\/\/lusanger-ndbg.fr\/index.php?rest_route=\/wp\/v2\/pages\/264\/revisions"}],"predecessor-version":[{"id":6367,"href":"http:\/\/lusanger-ndbg.fr\/index.php?rest_route=\/wp\/v2\/pages\/264\/revisions\/6367"}],"wp:attachment":[{"href":"http:\/\/lusanger-ndbg.fr\/index.php?rest_route=%2Fwp%2Fv2%2Fmedia&parent=264"}],"curies":[{"name":"wp","href":"https:\/\/api.w.org\/{rel}","templated":true}]}}