{"id":326,"date":"2016-09-05T17:17:00","date_gmt":"2016-09-05T15:17:00","guid":{"rendered":"http:\/\/lusanger-ndbg.fr\/?page_id=326"},"modified":"2025-06-03T09:39:21","modified_gmt":"2025-06-03T07:39:21","slug":"reglements-engagements","status":"publish","type":"page","link":"http:\/\/lusanger-ndbg.fr\/?page_id=326","title":{"rendered":"r\u00e8glements &#038; engagements"},"content":{"rendered":"<p>Ci-apr\u00e8s vous pourrez relire \u00e0 tout moment, le r\u00e8glement int\u00e9rieur de notre \u00e9tablissement et le contrat de scolarit\u00e9 engageant la communaut\u00e9 \u00e9ducative.<\/p>\n<p><em>Bonne lecture<\/em><\/p>\n<p>PS : pensez \u00e0 ACTUALISER LA PAGE si les documents pdf ne s&#8217;affichent pas (2 documents \u00e0 lire)<\/p>\n<p><iframe src=\"\/\/docs.google.com\/viewer?url=http%3A%2F%2Flusanger-ndbg.fr%2Fwp-content%2Fuploads%2F2025%2F06%2F3-reglement-interieur.pdf&hl=fr&embedded=true\" class=\"gde-frame\" style=\"width:100%; height:500px; border: none;\" scrolling=\"no\"><\/iframe>\n<p class=\"gde-text\"><a href=\"http:\/\/lusanger-ndbg.fr\/wp-content\/uploads\/2025\/06\/3-reglement-interieur.pdf\" class=\"gde-link\">T\u00e9l\u00e9charger (PDF, 280KB)<\/a><\/p> <iframe src=\"\/\/docs.google.com\/viewer?url=http%3A%2F%2Flusanger-ndbg.fr%2Fwp-content%2Fuploads%2F2025%2F06%2F4-convention-de-scolarisation.pdf&hl=fr&embedded=true\" class=\"gde-frame\" style=\"width:100%; height:500px; border: none;\" scrolling=\"no\"><\/iframe>\n<p class=\"gde-text\"><a href=\"http:\/\/lusanger-ndbg.fr\/wp-content\/uploads\/2025\/06\/4-convention-de-scolarisation.pdf\" class=\"gde-link\">T\u00e9l\u00e9charger (PDF, 211KB)<\/a><\/p><\/p>\n<p>&nbsp;<\/p>\n","protected":false},"excerpt":{"rendered":"<p>Ci-apr\u00e8s vous pourrez relire \u00e0 tout moment, le r\u00e8glement int\u00e9rieur de notre \u00e9tablissement et le contrat de scolarit\u00e9 engageant la communaut\u00e9 \u00e9ducative. Bonne lecture PS : pensez \u00e0 ACTUALISER LA PAGE si les documents pdf ne s&#8217;affichent pas (2 documents \u00e0 lire) &nbsp;<\/p>\n","protected":false},"author":3,"featured_media":0,"parent":0,"menu_order":0,"comment_status":"closed","ping_status":"closed","template":"","meta":{"ngg_post_thumbnail":0,"footnotes":""},"class_list":["post-326","page","type-page","status-publish","hentry"],"_links":{"self":[{"href":"http:\/\/lusanger-ndbg.fr\/index.php?rest_route=\/wp\/v2\/pages\/326","targetHints":{"allow":["GET"]}}],"collection":[{"href":"http:\/\/lusanger-ndbg.fr\/index.php?rest_route=\/wp\/v2\/pages"}],"about":[{"href":"http:\/\/lusanger-ndbg.fr\/index.php?rest_route=\/wp\/v2\/types\/page"}],"author":[{"embeddable":true,"href":"http:\/\/lusanger-ndbg.fr\/index.php?rest_route=\/wp\/v2\/users\/3"}],"replies":[{"embeddable":true,"href":"http:\/\/lusanger-ndbg.fr\/index.php?rest_route=%2Fwp%2Fv2%2Fcomments&post=326"}],"version-history":[{"count":7,"href":"http:\/\/lusanger-ndbg.fr\/index.php?rest_route=\/wp\/v2\/pages\/326\/revisions"}],"predecessor-version":[{"id":11303,"href":"http:\/\/lusanger-ndbg.fr\/index.php?rest_route=\/wp\/v2\/pages\/326\/revisions\/11303"}],"wp:attachment":[{"href":"http:\/\/lusanger-ndbg.fr\/index.php?rest_route=%2Fwp%2Fv2%2Fmedia&parent=326"}],"curies":[{"name":"wp","href":"https:\/\/api.w.org\/{rel}","templated":true}]}}