{"id":84,"date":"2016-01-28T10:58:39","date_gmt":"2016-01-28T09:58:39","guid":{"rendered":"http:\/\/lusanger-ndbg.fr\/?page_id=84"},"modified":"2025-06-03T09:41:15","modified_gmt":"2025-06-03T07:41:15","slug":"tarifs","status":"publish","type":"page","link":"http:\/\/lusanger-ndbg.fr\/?page_id=84","title":{"rendered":"Prix"},"content":{"rendered":"<p>Prix des contributions pour l&#8217;ann\u00e9e 2024\/2025 :<\/p>\n<p>&#8211; prix des contributions : 290\u20ac pour l&#8217;ann\u00e9e, soit 29 \u20ac par mois d&#8217;\u00e9cole.<\/p>\n<ul>\n<li>si vous avez trois enfants scolaris\u00e9s, alors vous pouvez pr\u00e9tendre \u00e0 un tarif avantageux.<\/li>\n<li>LES DONS SONT POSSIBLES ET ILS SONT LES BIENVENUS.<\/li>\n<\/ul>\n<p>&#8211; prix d&#8217;un repas cantine : Veuillez <em>contacter la Mairie de Lusanger <a href=\"http:\/\/www.mairie-lusanger.fr\/\">http:\/\/www.mairie-lusanger.fr\/<\/a><\/em><\/p>\n<p>02 40 07 83 08<\/p>\n<p>&nbsp;<\/p>\n<p>Pour l&#8217;ann\u00e9e 2025\/2026, le prix des contributions sera de 310 \u20ac pour l&#8217;ann\u00e9e soit 31\u20ac par mois de septembre \u00e0 juin.<\/p>\n<p>&nbsp;<\/p>\n","protected":false},"excerpt":{"rendered":"<p>Prix des contributions pour l&#8217;ann\u00e9e 2024\/2025 : &#8211; prix des contributions : 290\u20ac pour l&#8217;ann\u00e9e, soit 29 \u20ac par mois d&#8217;\u00e9cole. si vous avez trois enfants scolaris\u00e9s, alors vous pouvez pr\u00e9tendre \u00e0 un tarif avantageux. LES DONS SONT POSSIBLES ET ILS SONT LES BIENVENUS. &#8211; prix d&#8217;un repas cantine : Veuillez contacter la Mairie de<\/p>\n<p><a href=\"http:\/\/lusanger-ndbg.fr\/?page_id=84\" class=\"more-link themebutton\">Lire la suite<\/a><\/p>\n","protected":false},"author":3,"featured_media":0,"parent":0,"menu_order":0,"comment_status":"closed","ping_status":"closed","template":"","meta":{"ngg_post_thumbnail":0,"footnotes":""},"class_list":["post-84","page","type-page","status-publish","hentry"],"_links":{"self":[{"href":"http:\/\/lusanger-ndbg.fr\/index.php?rest_route=\/wp\/v2\/pages\/84","targetHints":{"allow":["GET"]}}],"collection":[{"href":"http:\/\/lusanger-ndbg.fr\/index.php?rest_route=\/wp\/v2\/pages"}],"about":[{"href":"http:\/\/lusanger-ndbg.fr\/index.php?rest_route=\/wp\/v2\/types\/page"}],"author":[{"embeddable":true,"href":"http:\/\/lusanger-ndbg.fr\/index.php?rest_route=\/wp\/v2\/users\/3"}],"replies":[{"embeddable":true,"href":"http:\/\/lusanger-ndbg.fr\/index.php?rest_route=%2Fwp%2Fv2%2Fcomments&post=84"}],"version-history":[{"count":6,"href":"http:\/\/lusanger-ndbg.fr\/index.php?rest_route=\/wp\/v2\/pages\/84\/revisions"}],"predecessor-version":[{"id":11304,"href":"http:\/\/lusanger-ndbg.fr\/index.php?rest_route=\/wp\/v2\/pages\/84\/revisions\/11304"}],"wp:attachment":[{"href":"http:\/\/lusanger-ndbg.fr\/index.php?rest_route=%2Fwp%2Fv2%2Fmedia&parent=84"}],"curies":[{"name":"wp","href":"https:\/\/api.w.org\/{rel}","templated":true}]}}