{"id":97,"date":"2016-01-28T11:46:47","date_gmt":"2016-01-28T10:46:47","guid":{"rendered":"http:\/\/lusanger-ndbg.fr\/?page_id=97"},"modified":"2026-03-09T14:21:17","modified_gmt":"2026-03-09T13:21:17","slug":"bureau-et-conseil-dadministration","status":"publish","type":"page","link":"http:\/\/lusanger-ndbg.fr\/?page_id=97","title":{"rendered":"Bureau et conseil d&#8217;administration"},"content":{"rendered":"<div><span style=\"font-size: small;\">C&#8217;est maintenant avec Elo\u00efse Faucheux (0650584582) que Marie Hamon co-pilotera l&#8217;\u00e9cole Notre Dame de Bonne Garde.<\/span><\/div>\n<div><span style=\"font-size: small;\">Cette nouvelle pr\u00e9sidente sera accompagn\u00e9e du bureau suivant :<\/span><\/div>\n<div><span style=\"font-size: small;\">&nbsp;&#8211; tr\u00e9sori\u00e8re : Kathy Urvoy<\/span><\/div>\n<div><span style=\"font-size: small;\">&#8211; tr\u00e9sori\u00e8re des festivit\u00e9s : Julie Fruchet<\/span><\/div>\n<div><span style=\"font-size: small;\">&#8211; tr\u00e9sori\u00e8re des contributions : Emmanuelle Defremont<\/span><\/div>\n<div><span style=\"font-size: small;\">&#8211; secr\u00e9taire : Adeline Ecobichon<\/span><\/div>\n<div><span style=\"font-size: small;\">MEMBRES : Paul &#8211; Antoine Martin, Mallaury Jannault, Alexia Hays, Ana\u00cfs Milan, Emilie Barbotin.<\/span><\/div>\n<p><em>Merci \u00e0 tous !<\/em><\/p>\n<p><span style=\"color: #3366ff;\"><strong>&nbsp;<\/strong><\/span><\/p>\n","protected":false},"excerpt":{"rendered":"<p>C&#8217;est maintenant avec Elo\u00efse Faucheux (0650584582) que Marie Hamon co-pilotera l&#8217;\u00e9cole Notre Dame de Bonne Garde. Cette nouvelle pr\u00e9sidente sera accompagn\u00e9e du bureau suivant : &nbsp;&#8211; tr\u00e9sori\u00e8re : Kathy Urvoy &#8211; tr\u00e9sori\u00e8re des festivit\u00e9s : Julie Fruchet &#8211; tr\u00e9sori\u00e8re des contributions : Emmanuelle Defremont &#8211; secr\u00e9taire : Adeline Ecobichon MEMBRES : Paul &#8211; Antoine Martin,<\/p>\n<p><a href=\"http:\/\/lusanger-ndbg.fr\/?page_id=97\" class=\"more-link themebutton\">Lire la suite<\/a><\/p>\n","protected":false},"author":3,"featured_media":0,"parent":0,"menu_order":0,"comment_status":"closed","ping_status":"closed","template":"","meta":{"ngg_post_thumbnail":0,"footnotes":""},"class_list":["post-97","page","type-page","status-publish","hentry"],"_links":{"self":[{"href":"http:\/\/lusanger-ndbg.fr\/index.php?rest_route=\/wp\/v2\/pages\/97","targetHints":{"allow":["GET"]}}],"collection":[{"href":"http:\/\/lusanger-ndbg.fr\/index.php?rest_route=\/wp\/v2\/pages"}],"about":[{"href":"http:\/\/lusanger-ndbg.fr\/index.php?rest_route=\/wp\/v2\/types\/page"}],"author":[{"embeddable":true,"href":"http:\/\/lusanger-ndbg.fr\/index.php?rest_route=\/wp\/v2\/users\/3"}],"replies":[{"embeddable":true,"href":"http:\/\/lusanger-ndbg.fr\/index.php?rest_route=%2Fwp%2Fv2%2Fcomments&post=97"}],"version-history":[{"count":5,"href":"http:\/\/lusanger-ndbg.fr\/index.php?rest_route=\/wp\/v2\/pages\/97\/revisions"}],"predecessor-version":[{"id":11831,"href":"http:\/\/lusanger-ndbg.fr\/index.php?rest_route=\/wp\/v2\/pages\/97\/revisions\/11831"}],"wp:attachment":[{"href":"http:\/\/lusanger-ndbg.fr\/index.php?rest_route=%2Fwp%2Fv2%2Fmedia&parent=97"}],"curies":[{"name":"wp","href":"https:\/\/api.w.org\/{rel}","templated":true}]}}