{"id":143,"date":"2016-01-28T12:45:17","date_gmt":"2016-01-28T11:45:17","guid":{"rendered":"http:\/\/lusanger-ndbg.fr\/?page_id=143"},"modified":"2024-03-06T10:39:07","modified_gmt":"2024-03-06T09:39:07","slug":"catechese","status":"publish","type":"page","link":"https:\/\/lusanger-ndbg.fr\/?page_id=143","title":{"rendered":"Cat\u00e9ch\u00e8se"},"content":{"rendered":"<p>Les temps de cat\u00e9ch\u00e8se concernent les \u00e9l\u00e8ves de CE &amp; CM.<\/p>\n<p>Antoine Catelineau encadre les enfants pendant ce temps et fait le lien avec la paroisse. IL vient \u00e0 l&#8217;\u00e9cole une fois par semaine pendant une heure.<\/p>\n<p>&nbsp;<\/p>\n<p><em>Contact de la maison paroissiale : assistante.stclairguenole@gmail.com<br \/>\n<\/em><\/p>\n","protected":false},"excerpt":{"rendered":"<p>Les temps de cat\u00e9ch\u00e8se concernent les \u00e9l\u00e8ves de CE &amp; CM. Antoine Catelineau encadre les enfants pendant ce temps et fait le lien avec la paroisse. IL vient \u00e0 l&#8217;\u00e9cole une fois par semaine pendant une heure. &nbsp; Contact de la maison paroissiale : assistante.stclairguenole@gmail.com<\/p>\n","protected":false},"author":3,"featured_media":0,"parent":0,"menu_order":0,"comment_status":"closed","ping_status":"closed","template":"","meta":{"ngg_post_thumbnail":0,"footnotes":""},"class_list":["post-143","page","type-page","status-publish","hentry"],"_links":{"self":[{"href":"https:\/\/lusanger-ndbg.fr\/index.php?rest_route=\/wp\/v2\/pages\/143","targetHints":{"allow":["GET"]}}],"collection":[{"href":"https:\/\/lusanger-ndbg.fr\/index.php?rest_route=\/wp\/v2\/pages"}],"about":[{"href":"https:\/\/lusanger-ndbg.fr\/index.php?rest_route=\/wp\/v2\/types\/page"}],"author":[{"embeddable":true,"href":"https:\/\/lusanger-ndbg.fr\/index.php?rest_route=\/wp\/v2\/users\/3"}],"replies":[{"embeddable":true,"href":"https:\/\/lusanger-ndbg.fr\/index.php?rest_route=%2Fwp%2Fv2%2Fcomments&post=143"}],"version-history":[{"count":2,"href":"https:\/\/lusanger-ndbg.fr\/index.php?rest_route=\/wp\/v2\/pages\/143\/revisions"}],"predecessor-version":[{"id":6365,"href":"https:\/\/lusanger-ndbg.fr\/index.php?rest_route=\/wp\/v2\/pages\/143\/revisions\/6365"}],"wp:attachment":[{"href":"https:\/\/lusanger-ndbg.fr\/index.php?rest_route=%2Fwp%2Fv2%2Fmedia&parent=143"}],"curies":[{"name":"wp","href":"https:\/\/api.w.org\/{rel}","templated":true}]}}