{"id":153,"date":"2016-01-28T14:19:11","date_gmt":"2016-01-28T13:19:11","guid":{"rendered":"http:\/\/lusanger-ndbg.fr\/?page_id=153"},"modified":"2016-09-05T16:49:13","modified_gmt":"2016-09-05T14:49:13","slug":"informatique","status":"publish","type":"page","link":"https:\/\/lusanger-ndbg.fr\/?page_id=153","title":{"rendered":"Informatique"},"content":{"rendered":"<p style=\"text-align: center;\">Les \u00e9l\u00e8ves apprennent \u00e0 <strong>manier les outils informatique<\/strong>s, tout en \u00e9tant <strong>\u00e9veill\u00e9s \u00e0 leurs dangers<\/strong>.<\/p>\n<p style=\"text-align: center;\" align=\"justify\">Leurs travaux et activit\u00e9s alimentent notre site !<\/p>\n<p style=\"text-align: center;\" align=\"justify\">A la fin du CM2, les \u00e9l\u00e8ves re\u00e7oivent leur dipl\u00f4me du B2I.<\/p>\n<p style=\"text-align: justify;\" align=\"justify\">A ce jour, l&#8217;\u00e9cole est munie d&#8217;<strong><span style=\"color: #333399;\">ordinateurs<\/span> <span style=\"color: #333399;\">portables<\/span><\/strong>, de <strong><span style=\"color: #333399;\">tablettes<\/span> <\/strong>et d&#8217;un <strong><span style=\"color: #333399;\">vid\u00e9oprojecteur<\/span> <\/strong>que les \u00e9l\u00e8ves manipulent dans le cadre des comp\u00e9tences officielles des TUIC (<span class=\"st\">Techniques Usuelles de l&#8217;Information et de la Communication).<\/span><\/p>\n<p style=\"text-align: justify;\" align=\"justify\">La classe poss\u00e8de une adresse internet que les \u00e9l\u00e8ves apprennent \u00e0 utiliser comme outil pour leurs diverses apprentissages.<\/p>\n","protected":false},"excerpt":{"rendered":"<p>Les \u00e9l\u00e8ves apprennent \u00e0 manier les outils informatiques, tout en \u00e9tant \u00e9veill\u00e9s \u00e0 leurs dangers. Leurs travaux et activit\u00e9s alimentent notre site ! A la fin du CM2, les \u00e9l\u00e8ves re\u00e7oivent leur dipl\u00f4me du B2I. A ce jour, l&#8217;\u00e9cole est munie d&#8217;ordinateurs portables, de tablettes et d&#8217;un vid\u00e9oprojecteur que les \u00e9l\u00e8ves manipulent dans le cadre<\/p>\n<p><a href=\"https:\/\/lusanger-ndbg.fr\/?page_id=153\" class=\"more-link themebutton\">Lire la suite<\/a><\/p>\n","protected":false},"author":3,"featured_media":0,"parent":0,"menu_order":0,"comment_status":"closed","ping_status":"closed","template":"","meta":{"ngg_post_thumbnail":0,"footnotes":""},"class_list":["post-153","page","type-page","status-publish","hentry"],"_links":{"self":[{"href":"https:\/\/lusanger-ndbg.fr\/index.php?rest_route=\/wp\/v2\/pages\/153","targetHints":{"allow":["GET"]}}],"collection":[{"href":"https:\/\/lusanger-ndbg.fr\/index.php?rest_route=\/wp\/v2\/pages"}],"about":[{"href":"https:\/\/lusanger-ndbg.fr\/index.php?rest_route=\/wp\/v2\/types\/page"}],"author":[{"embeddable":true,"href":"https:\/\/lusanger-ndbg.fr\/index.php?rest_route=\/wp\/v2\/users\/3"}],"replies":[{"embeddable":true,"href":"https:\/\/lusanger-ndbg.fr\/index.php?rest_route=%2Fwp%2Fv2%2Fcomments&post=153"}],"version-history":[{"count":0,"href":"https:\/\/lusanger-ndbg.fr\/index.php?rest_route=\/wp\/v2\/pages\/153\/revisions"}],"wp:attachment":[{"href":"https:\/\/lusanger-ndbg.fr\/index.php?rest_route=%2Fwp%2Fv2%2Fmedia&parent=153"}],"curies":[{"name":"wp","href":"https:\/\/api.w.org\/{rel}","templated":true}]}}