{"id":193,"date":"2016-01-28T17:03:07","date_gmt":"2016-01-28T16:03:07","guid":{"rendered":"http:\/\/lusanger-ndbg.fr\/?page_id=193"},"modified":"2024-03-06T10:51:54","modified_gmt":"2024-03-06T09:51:54","slug":"lecturelitterature","status":"publish","type":"page","link":"https:\/\/lusanger-ndbg.fr\/?page_id=193","title":{"rendered":"Lecture\/Litt\u00e9rature"},"content":{"rendered":"<p>Des projets autour de la litt\u00e9rature sont souvent men\u00e9s \u00e0 l&#8217;\u00e9cole pour d\u00e9velopper le gout de lire&#8230;<\/p>\n","protected":false},"excerpt":{"rendered":"<p>Des projets autour de la litt\u00e9rature sont souvent men\u00e9s \u00e0 l&#8217;\u00e9cole pour d\u00e9velopper le gout de lire&#8230;<\/p>\n","protected":false},"author":3,"featured_media":0,"parent":0,"menu_order":0,"comment_status":"closed","ping_status":"closed","template":"","meta":{"ngg_post_thumbnail":0,"footnotes":""},"class_list":["post-193","page","type-page","status-publish","hentry"],"_links":{"self":[{"href":"https:\/\/lusanger-ndbg.fr\/index.php?rest_route=\/wp\/v2\/pages\/193","targetHints":{"allow":["GET"]}}],"collection":[{"href":"https:\/\/lusanger-ndbg.fr\/index.php?rest_route=\/wp\/v2\/pages"}],"about":[{"href":"https:\/\/lusanger-ndbg.fr\/index.php?rest_route=\/wp\/v2\/types\/page"}],"author":[{"embeddable":true,"href":"https:\/\/lusanger-ndbg.fr\/index.php?rest_route=\/wp\/v2\/users\/3"}],"replies":[{"embeddable":true,"href":"https:\/\/lusanger-ndbg.fr\/index.php?rest_route=%2Fwp%2Fv2%2Fcomments&post=193"}],"version-history":[{"count":1,"href":"https:\/\/lusanger-ndbg.fr\/index.php?rest_route=\/wp\/v2\/pages\/193\/revisions"}],"predecessor-version":[{"id":6374,"href":"https:\/\/lusanger-ndbg.fr\/index.php?rest_route=\/wp\/v2\/pages\/193\/revisions\/6374"}],"wp:attachment":[{"href":"https:\/\/lusanger-ndbg.fr\/index.php?rest_route=%2Fwp%2Fv2%2Fmedia&parent=193"}],"curies":[{"name":"wp","href":"https:\/\/api.w.org\/{rel}","templated":true}]}}