{"id":2,"date":"2015-11-26T15:53:05","date_gmt":"2015-11-26T14:53:05","guid":{"rendered":"http:\/\/lusanger-ndbg.fr\/?page_id=2"},"modified":"2026-04-22T23:28:33","modified_gmt":"2026-04-22T21:28:33","slug":"accueil","status":"publish","type":"page","link":"https:\/\/lusanger-ndbg.fr\/","title":{"rendered":"Accueil"},"content":{"rendered":"<div id=\"pl-2\"  class=\"panel-layout\" ><div id=\"pg-2-0\"  class=\"panel-grid panel-no-style\" ><div id=\"pgc-2-0-0\"  class=\"panel-grid-cell\" ><div id=\"panel-2-0-0-0\" class=\"so-panel widget widget_sow-editor panel-first-child panel-last-child\" data-index=\"0\" ><div\n\t\t\t\n\t\t\tclass=\"so-widget-sow-editor so-widget-sow-editor-base\"\n\t\t\t\n\t\t>\n<div class=\"siteorigin-widget-tinymce textwidget\">\n\t<h3 style=\"text-align: center;\"><span style=\"color: #800080;\">Bienvenue sur le site de l'\u00e9cole Notre Dame de Bonne Garde, de Lusanger.<\/span><\/h3>\n<h1 style=\"text-align: center;\"><span style=\"color: #0000ff;\">Bonne visite !<\/span><\/h1>\n<h3 style=\"text-align: center;\"><span style=\"color: #ff9900;\">Appelez-nous : 02 40 07 88 50 &nbsp; &nbsp; &nbsp; &nbsp; &nbsp; &nbsp; &nbsp; &nbsp;&nbsp;&nbsp;&nbsp; Ecrivez-nous : ecole.lusanger@orange.fr<br \/>\n<\/span><\/h3>\n<p style=\"text-align: center;\">&nbsp;Acc\u00e9dez au blog de l'\u00e9cole rapidement en cliquant <a href=\"http:\/\/lusanger-ndbg.fr\/?cat=10\">ICI<\/a><\/p>\n<p style=\"text-align: center;\"><strong>HORAIRES : <\/strong><strong>LUNDI MARDI JEUDI VENDREDI<\/strong><\/p>\n<p style=\"text-align: center;\"><strong>matin : Accueil d\u00e8s 8H35 =&gt; <\/strong><strong>8H45 \u2013 12H _ Apr\u00e8s-midi : <\/strong><strong>Accueil d\u00e8s 13H20 =&gt; <\/strong><strong>13H30 \u2013 16H30<\/strong><\/p>\n<\/div>\n<\/div><\/div><\/div><\/div><div id=\"pg-2-1\"  class=\"panel-grid panel-no-style\" ><div id=\"pgc-2-1-0\"  class=\"panel-grid-cell\" ><div id=\"panel-2-1-0-0\" class=\"so-panel widget widget_sow-image panel-first-child\" data-index=\"1\" ><div\n\t\t\t\n\t\t\tclass=\"so-widget-sow-image so-widget-sow-image-default-8b5b6f678277-2\"\n\t\t\t\n\t\t>\n<div class=\"sow-image-container\">\n\t\t<img \n\tsrc=\"https:\/\/lusanger-ndbg.fr\/wp-content\/uploads\/2022\/03\/inscription-NDBG.jpg\" width=\"1026\" height=\"650\" srcset=\"https:\/\/lusanger-ndbg.fr\/wp-content\/uploads\/2022\/03\/inscription-NDBG.jpg 1026w, https:\/\/lusanger-ndbg.fr\/wp-content\/uploads\/2022\/03\/inscription-NDBG-300x190.jpg 300w, https:\/\/lusanger-ndbg.fr\/wp-content\/uploads\/2022\/03\/inscription-NDBG-1024x649.jpg 1024w, https:\/\/lusanger-ndbg.fr\/wp-content\/uploads\/2022\/03\/inscription-NDBG-768x487.jpg 768w\" sizes=\"(max-width: 1026px) 100vw, 1026px\" title=\"inscription NDBG\" alt=\"\" \t\tclass=\"so-widget-image\"\/>\n\t<\/div>\n\n<\/div><\/div><div id=\"panel-2-1-0-1\" class=\"so-panel widget widget_text panel-last-child\" data-index=\"2\" ><div class=\"panel-widget-style panel-widget-style-for-2-1-0-1\" ><h3 class=\"widget-title\">Les dates \u00e0 retenir pour les \u00e9l\u00e8ves!<\/h3>\t\t\t<div class=\"textwidget\"><p>LIEN VERS LE BLOG DE L\u2019\u00c9COLE : <strong><a href=\"http:\/\/lusanger-ndbg.fr\/?cat=10\">CLIQUEZ ICI <\/a><\/strong><\/p>\n<ul>\n<li>Vendredis 1er et 8 mai seront f\u00e9ri\u00e9s.<\/li>\n<li>Les \u00e9l\u00e8ves n\u2019auront pas classe le jeudi 14 et le vendredi 15 mai (pont de l\u2019Ascension).<\/li>\n<li>Les \u00e9l\u00e8ves n\u2019auront pas classe le lundi 25 mai (Pentec\u00f4te).<\/li>\n<li>Journ\u00e9e de d\u00e9charge de direction (lundis 4 mai, 18 mai, 15 juin et 29 juin).<\/li>\n<li><strong>VEILLEE MUSICALE\u00a0= vendredi 12 juin (\u00e0 la salle des menhirs d\u00e8s 19H).<\/strong><\/li>\n<li><strong>SORTIES SCOLAIRES = jeudi 25 juin (les 2 classes sont concern\u00e9es mais chaque classe vivra sa propre sortie)<\/strong><\/li>\n<li><strong>RANDONNEE ET FETE DE L\u2019ECOLE = dimanche 28 juin<\/strong><\/li>\n<li>Pique \u2013 nique de fin d\u2019ann\u00e9e = jeudi 2 juillet le midi (familles et amis de l\u2019\u00e9cole peuvent se joindre \u00e0 nous\u00a0!)<\/li>\n<\/ul>\n<p>&nbsp;<\/p>\n<p><img loading=\"lazy\" decoding=\"async\" class=\"aligncenter size-large wp-image-11405\" src=\"http:\/\/lusanger-ndbg.fr\/wp-content\/uploads\/2025\/09\/equipe-rentree-25-1024x768.jpg\" alt=\"\" width=\"1024\" height=\"768\" srcset=\"https:\/\/lusanger-ndbg.fr\/wp-content\/uploads\/2025\/09\/equipe-rentree-25-1024x768.jpg 1024w, https:\/\/lusanger-ndbg.fr\/wp-content\/uploads\/2025\/09\/equipe-rentree-25-300x225.jpg 300w, https:\/\/lusanger-ndbg.fr\/wp-content\/uploads\/2025\/09\/equipe-rentree-25-768x576.jpg 768w, https:\/\/lusanger-ndbg.fr\/wp-content\/uploads\/2025\/09\/equipe-rentree-25-1536x1152.jpg 1536w, https:\/\/lusanger-ndbg.fr\/wp-content\/uploads\/2025\/09\/equipe-rentree-25.jpg 2016w\" sizes=\"auto, (max-width: 1024px) 100vw, 1024px\" \/><\/p>\n<p>&nbsp;<\/p>\n<p>&nbsp;<\/p>\n<\/div>\n\t\t<\/div><\/div><\/div><div id=\"pgc-2-1-1\"  class=\"panel-grid-cell\" ><div id=\"panel-2-1-1-0\" class=\"so-panel widget widget_sow-image panel-first-child\" data-index=\"3\" ><div\n\t\t\t\n\t\t\tclass=\"so-widget-sow-image so-widget-sow-image-default-8b5b6f678277-2\"\n\t\t\t\n\t\t>\n<div class=\"sow-image-container\">\n\t\t<img \n\tsrc=\"https:\/\/lusanger-ndbg.fr\/wp-content\/uploads\/2025\/09\/3-1.jpg\" width=\"640\" height=\"480\" srcset=\"https:\/\/lusanger-ndbg.fr\/wp-content\/uploads\/2025\/09\/3-1.jpg 640w, https:\/\/lusanger-ndbg.fr\/wp-content\/uploads\/2025\/09\/3-1-300x225.jpg 300w\" sizes=\"(max-width: 640px) 100vw, 640px\" title=\"3\" alt=\"Suite aux annonces gouvernementales, et au planning des mesures sanitaires \u00e0 appliquer aux \u00e9v\u00e9nements ext\u00e9rieurs, l&#039;\u00e9cole Notre Dame de Bonne Garde est contrainte de d\u00e9caler exceptionnellement  son Vide Grenier annuel (initialement pr\u00e9vu le 6 juin) au dimanche 26 septembre 2021. N&#039;h\u00e9sitez pas \u00e0 nous rejoindre autour de cet \u00e9v\u00e9nement en tant qu&#039;exposant, ou visiteur. Nous comptons sur vous. En esp\u00e9rant que l&#039;ann\u00e9e 2022 nous permettra de faire notre vide-grenier en juin, comme \u00e0 l&#039;accoutum\u00e9.  Merci pour votre aide. Bonne journ\u00e9e\" \t\tclass=\"so-widget-image\"\/>\n\t<\/div>\n\n<\/div><\/div><div id=\"panel-2-1-1-1\" class=\"so-panel widget widget_text panel-last-child\" data-index=\"4\" ><div class=\"panel-widget-style panel-widget-style-for-2-1-1-1\" ><h3 class=\"widget-title\">Les dates \u00e0 retenir pour l&#8217;\u00e9cole !<\/h3>\t\t\t<div class=\"textwidget\"><p><strong><u>Collecte de papiers, journaux et magazines\u00a0 (dates des permanences ci-dessus) : <\/u><\/strong><em>au local rue de Ronde \u00e0 Lusanger<\/em><\/p>\n<p><em>(ce document est un pdf, s&#8217;il ne s&#8217;affiche pas : rafraichissez la page)<\/em><\/p>\n<p>&nbsp;<\/p>\n<p>&nbsp;<\/p>\n<\/div>\n\t\t<\/div><\/div><\/div><\/div><\/div>","protected":false},"excerpt":{"rendered":"<p>Bienvenue sur le site de l&#8217;\u00e9cole Notre Dame de Bonne Garde, de Lusanger. Bonne visite ! Appelez-nous : 02 40 07 88 50 &nbsp; &nbsp; &nbsp; &nbsp; &nbsp; &nbsp; &nbsp; &nbsp;&nbsp;&nbsp;&nbsp; Ecrivez-nous : ecole.lusanger@orange.fr &nbsp;Acc\u00e9dez au blog de l&#8217;\u00e9cole rapidement en cliquant ICI HORAIRES : LUNDI MARDI JEUDI VENDREDI matin : Accueil d\u00e8s 8H35 =&gt;<\/p>\n<p><a href=\"https:\/\/lusanger-ndbg.fr\/\" class=\"more-link themebutton\">Lire la suite<\/a><\/p>\n","protected":false},"author":1,"featured_media":0,"parent":0,"menu_order":0,"comment_status":"closed","ping_status":"closed","template":"","meta":{"ngg_post_thumbnail":0,"footnotes":""},"class_list":["post-2","page","type-page","status-publish","hentry"],"_links":{"self":[{"href":"https:\/\/lusanger-ndbg.fr\/index.php?rest_route=\/wp\/v2\/pages\/2","targetHints":{"allow":["GET"]}}],"collection":[{"href":"https:\/\/lusanger-ndbg.fr\/index.php?rest_route=\/wp\/v2\/pages"}],"about":[{"href":"https:\/\/lusanger-ndbg.fr\/index.php?rest_route=\/wp\/v2\/types\/page"}],"author":[{"embeddable":true,"href":"https:\/\/lusanger-ndbg.fr\/index.php?rest_route=\/wp\/v2\/users\/1"}],"replies":[{"embeddable":true,"href":"https:\/\/lusanger-ndbg.fr\/index.php?rest_route=%2Fwp%2Fv2%2Fcomments&post=2"}],"version-history":[{"count":365,"href":"https:\/\/lusanger-ndbg.fr\/index.php?rest_route=\/wp\/v2\/pages\/2\/revisions"}],"predecessor-version":[{"id":12014,"href":"https:\/\/lusanger-ndbg.fr\/index.php?rest_route=\/wp\/v2\/pages\/2\/revisions\/12014"}],"wp:attachment":[{"href":"https:\/\/lusanger-ndbg.fr\/index.php?rest_route=%2Fwp%2Fv2%2Fmedia&parent=2"}],"curies":[{"name":"wp","href":"https:\/\/api.w.org\/{rel}","templated":true}]}}