{"id":205,"date":"2016-01-28T17:04:36","date_gmt":"2016-01-28T16:04:36","guid":{"rendered":"http:\/\/lusanger-ndbg.fr\/?page_id=205"},"modified":"2016-09-13T15:21:52","modified_gmt":"2016-09-13T13:21:52","slug":"langue-vivante","status":"publish","type":"page","link":"https:\/\/lusanger-ndbg.fr\/?page_id=205","title":{"rendered":"Conjugaison"},"content":{"rendered":"<p>le pass\u00e9 simple<\/p>\n<!--[if lt IE 9]><script>document.createElement('audio');<\/script><![endif]-->\n<audio class=\"wp-audio-shortcode\" id=\"audio-205-1\" preload=\"none\" style=\"width: 100%;\" controls=\"controls\"><source type=\"audio\/wav\" src=\"http:\/\/lusanger-ndbg.fr\/wp-content\/uploads\/2016\/09\/18-instrumental-pass\u00e9-simple.wav?_=1\" \/><a href=\"http:\/\/lusanger-ndbg.fr\/wp-content\/uploads\/2016\/09\/18-instrumental-pass\u00e9-simple.wav\">http:\/\/lusanger-ndbg.fr\/wp-content\/uploads\/2016\/09\/18-instrumental-pass\u00e9-simple.wav<\/a><\/audio>\n<p>imparfait<\/p>\n<audio class=\"wp-audio-shortcode\" id=\"audio-205-2\" preload=\"none\" style=\"width: 100%;\" controls=\"controls\"><source type=\"audio\/wav\" src=\"http:\/\/lusanger-ndbg.fr\/wp-content\/uploads\/2016\/09\/19-instrumental-imparfait.wav?_=2\" \/><a href=\"http:\/\/lusanger-ndbg.fr\/wp-content\/uploads\/2016\/09\/19-instrumental-imparfait.wav\">http:\/\/lusanger-ndbg.fr\/wp-content\/uploads\/2016\/09\/19-instrumental-imparfait.wav<\/a><\/audio>\n<p>futur simple<\/p>\n<audio class=\"wp-audio-shortcode\" id=\"audio-205-3\" preload=\"none\" style=\"width: 100%;\" controls=\"controls\"><source type=\"audio\/wav\" src=\"http:\/\/lusanger-ndbg.fr\/wp-content\/uploads\/2016\/09\/20-instrumental-futur-simple.wav?_=3\" \/><a href=\"http:\/\/lusanger-ndbg.fr\/wp-content\/uploads\/2016\/09\/20-instrumental-futur-simple.wav\">http:\/\/lusanger-ndbg.fr\/wp-content\/uploads\/2016\/09\/20-instrumental-futur-simple.wav<\/a><\/audio>\n<p>pass\u00e9 compos\u00e9<\/p>\n<audio class=\"wp-audio-shortcode\" id=\"audio-205-4\" preload=\"none\" style=\"width: 100%;\" controls=\"controls\"><source type=\"audio\/wav\" src=\"http:\/\/lusanger-ndbg.fr\/wp-content\/uploads\/2016\/09\/21-instrumental-pc.wav?_=4\" \/><a href=\"http:\/\/lusanger-ndbg.fr\/wp-content\/uploads\/2016\/09\/21-instrumental-pc.wav\">http:\/\/lusanger-ndbg.fr\/wp-content\/uploads\/2016\/09\/21-instrumental-pc.wav<\/a><\/audio>\n<p>imp\u00e9ratif<\/p>\n<audio class=\"wp-audio-shortcode\" id=\"audio-205-5\" preload=\"none\" style=\"width: 100%;\" controls=\"controls\"><source type=\"audio\/wav\" src=\"http:\/\/lusanger-ndbg.fr\/wp-content\/uploads\/2016\/09\/22-instrumental-imp\u00e9ratif.wav?_=5\" \/><a href=\"http:\/\/lusanger-ndbg.fr\/wp-content\/uploads\/2016\/09\/22-instrumental-imp\u00e9ratif.wav\">http:\/\/lusanger-ndbg.fr\/wp-content\/uploads\/2016\/09\/22-instrumental-imp\u00e9ratif.wav<\/a><\/audio>\n<p>subjonctif<\/p>\n<audio class=\"wp-audio-shortcode\" id=\"audio-205-6\" preload=\"none\" style=\"width: 100%;\" controls=\"controls\"><source type=\"audio\/wav\" src=\"http:\/\/lusanger-ndbg.fr\/wp-content\/uploads\/2016\/09\/23-instrumental-subjonctif.wav?_=6\" \/><a href=\"http:\/\/lusanger-ndbg.fr\/wp-content\/uploads\/2016\/09\/23-instrumental-subjonctif.wav\">http:\/\/lusanger-ndbg.fr\/wp-content\/uploads\/2016\/09\/23-instrumental-subjonctif.wav<\/a><\/audio>\n<p>pr\u00e9sent<\/p>\n<audio class=\"wp-audio-shortcode\" id=\"audio-205-7\" preload=\"none\" style=\"width: 100%;\" controls=\"controls\"><source type=\"audio\/wav\" src=\"http:\/\/lusanger-ndbg.fr\/wp-content\/uploads\/2016\/09\/24-instrumental-pr\u00e9sent.wav?_=7\" \/><a href=\"http:\/\/lusanger-ndbg.fr\/wp-content\/uploads\/2016\/09\/24-instrumental-pr\u00e9sent.wav\">http:\/\/lusanger-ndbg.fr\/wp-content\/uploads\/2016\/09\/24-instrumental-pr\u00e9sent.wav<\/a><\/audio>\n<p>conditionnel<\/p>\n<audio class=\"wp-audio-shortcode\" id=\"audio-205-8\" preload=\"none\" style=\"width: 100%;\" controls=\"controls\"><source type=\"audio\/wav\" src=\"http:\/\/lusanger-ndbg.fr\/wp-content\/uploads\/2016\/09\/25-instrumental-conditionnel.wav?_=8\" \/><a href=\"http:\/\/lusanger-ndbg.fr\/wp-content\/uploads\/2016\/09\/25-instrumental-conditionnel.wav\">http:\/\/lusanger-ndbg.fr\/wp-content\/uploads\/2016\/09\/25-instrumental-conditionnel.wav<\/a><\/audio>\n","protected":false},"excerpt":{"rendered":"<p>le pass\u00e9 simple imparfait futur simple pass\u00e9 compos\u00e9 imp\u00e9ratif subjonctif pr\u00e9sent conditionnel<\/p>\n","protected":false},"author":3,"featured_media":0,"parent":0,"menu_order":0,"comment_status":"closed","ping_status":"closed","template":"","meta":{"ngg_post_thumbnail":0,"footnotes":""},"class_list":["post-205","page","type-page","status-publish","hentry"],"_links":{"self":[{"href":"https:\/\/lusanger-ndbg.fr\/index.php?rest_route=\/wp\/v2\/pages\/205","targetHints":{"allow":["GET"]}}],"collection":[{"href":"https:\/\/lusanger-ndbg.fr\/index.php?rest_route=\/wp\/v2\/pages"}],"about":[{"href":"https:\/\/lusanger-ndbg.fr\/index.php?rest_route=\/wp\/v2\/types\/page"}],"author":[{"embeddable":true,"href":"https:\/\/lusanger-ndbg.fr\/index.php?rest_route=\/wp\/v2\/users\/3"}],"replies":[{"embeddable":true,"href":"https:\/\/lusanger-ndbg.fr\/index.php?rest_route=%2Fwp%2Fv2%2Fcomments&post=205"}],"version-history":[{"count":0,"href":"https:\/\/lusanger-ndbg.fr\/index.php?rest_route=\/wp\/v2\/pages\/205\/revisions"}],"wp:attachment":[{"href":"https:\/\/lusanger-ndbg.fr\/index.php?rest_route=%2Fwp%2Fv2%2Fmedia&parent=205"}],"curies":[{"name":"wp","href":"https:\/\/api.w.org\/{rel}","templated":true}]}}