{"id":267,"date":"2016-02-05T09:43:49","date_gmt":"2016-02-05T08:43:49","guid":{"rendered":"http:\/\/lusanger-ndbg.fr\/?page_id=267"},"modified":"2024-03-06T10:45:49","modified_gmt":"2024-03-06T09:45:49","slug":"interet","status":"publish","type":"page","link":"https:\/\/lusanger-ndbg.fr\/?page_id=267","title":{"rendered":"Int\u00e9r\u00eat"},"content":{"rendered":"<p>Voici un document qui vous renseignera sur les int\u00e9r\u00eats d&#8217;un travail collaboratif entre \u00e9tablissement.<\/p>\n<p>Bonne lecture.<\/p>\n<p><strong><em>PS: pensez \u00e0 <\/em>ACTUALISER <em>la page si le document pdf ne s&#8217;affiche pas. MERCI<\/em><\/strong><\/p>\n<p style=\"text-align: center;\"><iframe src=\"\/\/docs.google.com\/viewer?url=http%3A%2F%2Flusanger-ndbg.fr%2Fwp-content%2Fuploads%2F2016%2F02%2Finter%C3%AAts-partenariat-en_ligne.pdf&hl=fr&embedded=true\" class=\"gde-frame\" style=\"width:100%; height:500px; border: none;\" scrolling=\"no\"><\/iframe>\n<p class=\"gde-text\"><a href=\"http:\/\/lusanger-ndbg.fr\/wp-content\/uploads\/2016\/02\/inter\u00eats-partenariat-en_ligne.pdf\" class=\"gde-link\">T\u00e9l\u00e9charger (PDF, 145KB)<\/a><\/p><\/p>\n","protected":false},"excerpt":{"rendered":"<p>Voici un document qui vous renseignera sur les int\u00e9r\u00eats d&#8217;un travail collaboratif entre \u00e9tablissement. Bonne lecture. PS: pensez \u00e0 ACTUALISER la page si le document pdf ne s&#8217;affiche pas. MERCI<\/p>\n","protected":false},"author":3,"featured_media":0,"parent":0,"menu_order":0,"comment_status":"closed","ping_status":"closed","template":"","meta":{"ngg_post_thumbnail":0,"footnotes":""},"class_list":["post-267","page","type-page","status-publish","hentry"],"_links":{"self":[{"href":"https:\/\/lusanger-ndbg.fr\/index.php?rest_route=\/wp\/v2\/pages\/267","targetHints":{"allow":["GET"]}}],"collection":[{"href":"https:\/\/lusanger-ndbg.fr\/index.php?rest_route=\/wp\/v2\/pages"}],"about":[{"href":"https:\/\/lusanger-ndbg.fr\/index.php?rest_route=\/wp\/v2\/types\/page"}],"author":[{"embeddable":true,"href":"https:\/\/lusanger-ndbg.fr\/index.php?rest_route=\/wp\/v2\/users\/3"}],"replies":[{"embeddable":true,"href":"https:\/\/lusanger-ndbg.fr\/index.php?rest_route=%2Fwp%2Fv2%2Fcomments&post=267"}],"version-history":[{"count":1,"href":"https:\/\/lusanger-ndbg.fr\/index.php?rest_route=\/wp\/v2\/pages\/267\/revisions"}],"predecessor-version":[{"id":6371,"href":"https:\/\/lusanger-ndbg.fr\/index.php?rest_route=\/wp\/v2\/pages\/267\/revisions\/6371"}],"wp:attachment":[{"href":"https:\/\/lusanger-ndbg.fr\/index.php?rest_route=%2Fwp%2Fv2%2Fmedia&parent=267"}],"curies":[{"name":"wp","href":"https:\/\/api.w.org\/{rel}","templated":true}]}}