{"id":33,"date":"2015-11-26T18:01:10","date_gmt":"2015-11-26T17:01:10","guid":{"rendered":"http:\/\/lusanger-ndbg.fr\/?page_id=33"},"modified":"2024-03-06T10:44:51","modified_gmt":"2024-03-06T09:44:51","slug":"horaires","status":"publish","type":"page","link":"https:\/\/lusanger-ndbg.fr\/?page_id=33","title":{"rendered":"Horaires"},"content":{"rendered":"<p>Horaires :<\/p>\n<p>Accueil des \u00e9l\u00e8ves : dix minutes avant l&#8217;heure de la classe<\/p>\n<p>LUNDI MARDI JEUDI VENDREDI<\/p>\n<p>MATIN : Accueil d\u00e8s 8H35<\/p>\n<p>8H45-12H<\/p>\n<p>APRES-MIDI : Accueil d\u00e8s 13H20<\/p>\n<p>13H30-16H30<\/p>\n<p><em>&nbsp;<\/em><\/p>\n","protected":false},"excerpt":{"rendered":"<p>Horaires : Accueil des \u00e9l\u00e8ves : dix minutes avant l&#8217;heure de la classe LUNDI MARDI JEUDI VENDREDI MATIN : Accueil d\u00e8s 8H35 8H45-12H APRES-MIDI : Accueil d\u00e8s 13H20 13H30-16H30 &nbsp;<\/p>\n","protected":false},"author":3,"featured_media":0,"parent":0,"menu_order":0,"comment_status":"closed","ping_status":"closed","template":"","meta":{"ngg_post_thumbnail":0,"footnotes":""},"class_list":["post-33","page","type-page","status-publish","hentry"],"_links":{"self":[{"href":"https:\/\/lusanger-ndbg.fr\/index.php?rest_route=\/wp\/v2\/pages\/33","targetHints":{"allow":["GET"]}}],"collection":[{"href":"https:\/\/lusanger-ndbg.fr\/index.php?rest_route=\/wp\/v2\/pages"}],"about":[{"href":"https:\/\/lusanger-ndbg.fr\/index.php?rest_route=\/wp\/v2\/types\/page"}],"author":[{"embeddable":true,"href":"https:\/\/lusanger-ndbg.fr\/index.php?rest_route=\/wp\/v2\/users\/3"}],"replies":[{"embeddable":true,"href":"https:\/\/lusanger-ndbg.fr\/index.php?rest_route=%2Fwp%2Fv2%2Fcomments&post=33"}],"version-history":[{"count":4,"href":"https:\/\/lusanger-ndbg.fr\/index.php?rest_route=\/wp\/v2\/pages\/33\/revisions"}],"predecessor-version":[{"id":6370,"href":"https:\/\/lusanger-ndbg.fr\/index.php?rest_route=\/wp\/v2\/pages\/33\/revisions\/6370"}],"wp:attachment":[{"href":"https:\/\/lusanger-ndbg.fr\/index.php?rest_route=%2Fwp%2Fv2%2Fmedia&parent=33"}],"curies":[{"name":"wp","href":"https:\/\/api.w.org\/{rel}","templated":true}]}}